{"id":10,"date":"2024-06-09T22:58:06","date_gmt":"2024-06-09T22:58:06","guid":{"rendered":"https:\/\/jeannesaadepalombo.com.mx\/?page_id=10"},"modified":"2024-11-20T19:50:09","modified_gmt":"2024-11-20T19:50:09","slug":"statement","status":"publish","type":"page","link":"https:\/\/jeannesaadepalombo.com.mx\/eng\/statement\/","title":{"rendered":"Statement"},"content":{"rendered":"<style>.kb-row-layout-id10_f22e4b-bf > .kt-row-column-wrap{align-content:start;}:where(.kb-row-layout-id10_f22e4b-bf > .kt-row-column-wrap) > .wp-block-kadence-column{justify-content:start;}.kb-row-layout-id10_f22e4b-bf > .kt-row-column-wrap{column-gap:var(--global-kb-gap-md, 2rem);row-gap:var(--global-kb-gap-md, 2rem);max-width:80%;margin-left:auto;margin-right:auto;padding-top:5%;padding-right:0%;padding-bottom:5%;padding-left:0%;min-height:100vh;grid-template-columns:minmax(0, calc(65% - ((var(--global-kb-gap-md, 2rem) * 1 )\/2)))minmax(0, calc(35% - ((var(--global-kb-gap-md, 2rem) * 1 )\/2)));}.kb-row-layout-id10_f22e4b-bf > .kt-row-layout-overlay{opacity:0.30;}@media all and (max-width: 1024px){.kb-row-layout-id10_f22e4b-bf > .kt-row-column-wrap{grid-template-columns:repeat(2, minmax(0, 1fr));}}@media all and (max-width: 767px){.kb-row-layout-id10_f22e4b-bf > .kt-row-column-wrap{padding-top:10%;padding-right:0%;padding-bottom:10%;grid-template-columns:minmax(0, 1fr);}.kb-row-layout-id10_f22e4b-bf > .kt-row-column-wrap > .wp-block-kadence-column:nth-child(1 of *:not(style)){order:2;}.kb-row-layout-id10_f22e4b-bf > .kt-row-column-wrap > .wp-block-kadence-column:nth-child(2 of *:not(style)){order:1;}.kb-row-layout-id10_f22e4b-bf > .kt-row-column-wrap > .wp-block-kadence-column:nth-child(3 of *:not(style)){order:12;}.kb-row-layout-id10_f22e4b-bf > .kt-row-column-wrap > .wp-block-kadence-column:nth-child(4 of *:not(style)){order:11;}.kb-row-layout-id10_f22e4b-bf > .kt-row-column-wrap > .wp-block-kadence-column:nth-child(5 of *:not(style)){order:22;}.kb-row-layout-id10_f22e4b-bf > .kt-row-column-wrap > .wp-block-kadence-column:nth-child(6 of *:not(style)){order:21;}.kb-row-layout-id10_f22e4b-bf > .kt-row-column-wrap > .wp-block-kadence-column:nth-child(7 of *:not(style)){order:32;}.kb-row-layout-id10_f22e4b-bf > .kt-row-column-wrap > .wp-block-kadence-column:nth-child(8 of *:not(style)){order:31;}}<\/style><div class=\"kb-row-layout-wrap kb-row-layout-id10_f22e4b-bf alignnone wp-block-kadence-rowlayout\"><div class=\"kt-row-column-wrap kt-has-2-columns kt-row-layout-equal kt-tab-layout-inherit kt-mobile-layout-row kt-row-valign-top\">\n<style>.kadence-column10_713bdb-3e > .kt-inside-inner-col,.kadence-column10_713bdb-3e > .kt-inside-inner-col:before{border-top-left-radius:0px;border-top-right-radius:0px;border-bottom-right-radius:0px;border-bottom-left-radius:0px;}.kadence-column10_713bdb-3e > .kt-inside-inner-col{column-gap:var(--global-kb-gap-sm, 1rem);}.kadence-column10_713bdb-3e > .kt-inside-inner-col{flex-direction:column;}.kadence-column10_713bdb-3e > .kt-inside-inner-col > .aligncenter{width:100%;}.kadence-column10_713bdb-3e > .kt-inside-inner-col:before{opacity:0.3;}.kadence-column10_713bdb-3e{position:relative;}@media all and (max-width: 1024px){.kadence-column10_713bdb-3e > .kt-inside-inner-col{flex-direction:column;justify-content:center;}}@media all and (max-width: 767px){.kadence-column10_713bdb-3e > .kt-inside-inner-col{flex-direction:column;justify-content:center;}}<\/style>\n<div class=\"wp-block-kadence-column kadence-column10_713bdb-3e\"><div class=\"kt-inside-inner-col\">\n<p><strong><span class=\"uppercase\">Statement<\/span><\/strong><\/p>\n\n\n\n<p>Soy una artista visual que explora el cuerpo visible mediante la pintura y la escultura, desafiando las expectativas y restricciones que alienan nuestras realidades emocionales y espirituales. Mi trabajo va m\u00e1s all\u00e1 de la forma del cuerpo femenino, fragmentando y distorsionando la identidad aceptada para contemplar nuevas posibilidades de individualidad. Utilizo la distorsi\u00f3n para cuestionar la norma cultural de belleza, manifestando la existencia sensible del cuerpo y resignificando la identidad.<\/p>\n\n\n\n<p>Mis personajes bizarros y monstruosos crean un di\u00e1logo entre lo banal y lo sagrado, revelando historias silenciadas a trav\u00e9s de im\u00e1genes. Exploro temas como los roles de g\u00e9nero y la maternidad, integrando fragmentos narrativos en mi proceso creativo. El cuerpo vivido reconfigura la memoria colectiva, y mi arte busca una experiencia de fractura del mundo. Uso t\u00e9cnicas mixtas para crear representaciones del cuerpo que abordan la coexistencia de realidades visibles\u00a0e\u00a0invisibles.<\/p>\n\n\n\n<p><\/p>\n\n\n\n<p><\/p>\n\n\n\n<p><\/p>\n<\/div><\/div>\n\n\n<style>.kadence-column10_9295c1-62 > .kt-inside-inner-col,.kadence-column10_9295c1-62 > .kt-inside-inner-col:before{border-top-left-radius:0px;border-top-right-radius:0px;border-bottom-right-radius:0px;border-bottom-left-radius:0px;}.kadence-column10_9295c1-62 > .kt-inside-inner-col{column-gap:var(--global-kb-gap-sm, 1rem);}.kadence-column10_9295c1-62 > .kt-inside-inner-col{flex-direction:column;}.kadence-column10_9295c1-62 > .kt-inside-inner-col > .aligncenter{width:100%;}.kadence-column10_9295c1-62 > .kt-inside-inner-col:before{opacity:0.3;}.kadence-column10_9295c1-62{position:relative;}@media all and (max-width: 1024px){.kadence-column10_9295c1-62 > .kt-inside-inner-col{flex-direction:column;justify-content:center;}}@media all and (max-width: 767px){.kadence-column10_9295c1-62 > .kt-inside-inner-col{display:flex;flex-direction:column;justify-content:center;align-items:flex-start;}}<\/style>\n<div class=\"wp-block-kadence-column kadence-column10_9295c1-62\"><div class=\"kt-inside-inner-col\"><div class=\"trp-block-container\"><div class=\"trp_language_switcher_shortcode\">\n<div class=\"trp-language-switcher trp-language-switcher-container\" data-no-translation >\n    <div class=\"trp-ls-shortcode-current-language\">\n        <a href=\"#\" class=\"trp-ls-shortcode-disabled-language trp-ls-disabled-language\" title=\"Espa\u00f1ol de M\u00e9xico\" onclick=\"event.preventDefault()\">\n\t\t\t ESP\t\t<\/a>\n    <\/div>\n    <div class=\"trp-ls-shortcode-language\">\n                    <a href=\"https:\/\/jeannesaadepalombo.com.mx\/eng\/wp-json\/wp\/v2\/pages\/10#TRPLINKPROCESSED\" title=\"Espa\u00f1ol de M\u00e9xico\">\n             ESP        <\/a>\n\n        <\/div>\n    <script type=\"application\/javascript\">\n        \/\/ need to have the same with set from JS on both divs. Otherwise it can push stuff around in HTML\n        var trp_ls_shortcodes = document.querySelectorAll('.trp_language_switcher_shortcode .trp-language-switcher');\n        if ( trp_ls_shortcodes.length > 0) {\n            \/\/ get the last language switcher added\n            var trp_el = trp_ls_shortcodes[trp_ls_shortcodes.length - 1];\n\n            var trp_shortcode_language_item = trp_el.querySelector( '.trp-ls-shortcode-language' )\n            \/\/ set width\n            var trp_ls_shortcode_width                                               = trp_shortcode_language_item.offsetWidth + 16;\n            trp_shortcode_language_item.style.width                                  = trp_ls_shortcode_width + 'px';\n            trp_el.querySelector( '.trp-ls-shortcode-current-language' ).style.width = trp_ls_shortcode_width + 'px';\n\n            \/\/ We're putting this on display: none after we have its width.\n            trp_shortcode_language_item.style.display = 'none';\n        }\n    <\/script>\n<\/div>\n<\/div><\/div><\/div><\/div>\n\n<\/div><\/div>","protected":false},"excerpt":{"rendered":"<p>Statement Soy una artista visual que explora el cuerpo visible mediante la pintura y la escultura, desafiando las expectativas y restricciones que alienan nuestras realidades emocionales y espirituales. Mi trabajo va m\u00e1s all\u00e1 de la forma del cuerpo femenino, fragmentando y distorsionando la identidad aceptada para contemplar nuevas posibilidades de individualidad. Utilizo la distorsi\u00f3n para <a href=\"https:\/\/jeannesaadepalombo.com.mx\/eng\/statement\/\" class=\"more-link\">&#8230;<span class=\"screen-reader-text\">  Statement<\/span><\/a><\/p>","protected":false},"author":1,"featured_media":0,"parent":0,"menu_order":0,"comment_status":"closed","ping_status":"closed","template":"","meta":{"_editorskit_title_hidden":false,"_editorskit_reading_time":0,"_editorskit_is_block_options_detached":false,"_editorskit_block_options_position":"{}","footnotes":""},"class_list":["post-10","page","type-page","status-publish","hentry"],"_links":{"self":[{"href":"https:\/\/jeannesaadepalombo.com.mx\/eng\/wp-json\/wp\/v2\/pages\/10","targetHints":{"allow":["GET"]}}],"collection":[{"href":"https:\/\/jeannesaadepalombo.com.mx\/eng\/wp-json\/wp\/v2\/pages"}],"about":[{"href":"https:\/\/jeannesaadepalombo.com.mx\/eng\/wp-json\/wp\/v2\/types\/page"}],"author":[{"embeddable":true,"href":"https:\/\/jeannesaadepalombo.com.mx\/eng\/wp-json\/wp\/v2\/users\/1"}],"replies":[{"embeddable":true,"href":"https:\/\/jeannesaadepalombo.com.mx\/eng\/wp-json\/wp\/v2\/comments?post=10"}],"version-history":[{"count":21,"href":"https:\/\/jeannesaadepalombo.com.mx\/eng\/wp-json\/wp\/v2\/pages\/10\/revisions"}],"predecessor-version":[{"id":1960,"href":"https:\/\/jeannesaadepalombo.com.mx\/eng\/wp-json\/wp\/v2\/pages\/10\/revisions\/1960"}],"wp:attachment":[{"href":"https:\/\/jeannesaadepalombo.com.mx\/eng\/wp-json\/wp\/v2\/media?parent=10"}],"curies":[{"name":"wp","href":"https:\/\/api.w.org\/{rel}","templated":true}]}}