{"id":134,"date":"2024-06-11T22:34:55","date_gmt":"2024-06-11T22:34:55","guid":{"rendered":"https:\/\/jeannesaadepalombo.com.mx\/?page_id=134"},"modified":"2024-09-18T03:21:36","modified_gmt":"2024-09-18T03:21:36","slug":"shame","status":"publish","type":"page","link":"https:\/\/jeannesaadepalombo.com.mx\/eng\/textos\/shame\/","title":{"rendered":"Shame"},"content":{"rendered":"<style>.kb-row-layout-id134_b3f598-e4 > .kt-row-column-wrap{align-content:start;}:where(.kb-row-layout-id134_b3f598-e4 > .kt-row-column-wrap) > .wp-block-kadence-column{justify-content:start;}.kb-row-layout-id134_b3f598-e4 > .kt-row-column-wrap{column-gap:var(--global-kb-gap-md, 2rem);row-gap:var(--global-kb-gap-md, 2rem);max-width:80%;margin-left:auto;margin-right:auto;padding-top:10%;padding-bottom:5%;min-height:100vh;grid-template-columns:minmax(0, calc(60% - ((var(--global-kb-gap-md, 2rem) * 1 )\/2)))minmax(0, calc(40% - ((var(--global-kb-gap-md, 2rem) * 1 )\/2)));}.kb-row-layout-id134_b3f598-e4 > .kt-row-layout-overlay{opacity:0.30;}@media all and (max-width: 1024px){.kb-row-layout-id134_b3f598-e4 > .kt-row-column-wrap{grid-template-columns:repeat(2, minmax(0, 1fr));}}@media all and (max-width: 767px){.kb-row-layout-id134_b3f598-e4 > .kt-row-column-wrap{padding-top:10%;padding-bottom:10%;grid-template-columns:minmax(0, 1fr);}}<\/style><div class=\"kb-row-layout-wrap kb-row-layout-id134_b3f598-e4 alignnone wp-block-kadence-rowlayout\"><div class=\"kt-row-column-wrap kt-has-2-columns kt-row-layout-equal kt-tab-layout-inherit kt-mobile-layout-row kt-row-valign-top kt-inner-column-height-full\">\n<style>.kadence-column134_98272e-4d > .kt-inside-inner-col{padding-top:0px;}.kadence-column134_98272e-4d > .kt-inside-inner-col,.kadence-column134_98272e-4d > .kt-inside-inner-col:before{border-top-left-radius:0px;border-top-right-radius:0px;border-bottom-right-radius:0px;border-bottom-left-radius:0px;}.kadence-column134_98272e-4d > .kt-inside-inner-col{column-gap:var(--global-kb-gap-sm, 1rem);}.kadence-column134_98272e-4d > .kt-inside-inner-col{flex-direction:column;}.kadence-column134_98272e-4d > .kt-inside-inner-col > .aligncenter{width:100%;}.kadence-column134_98272e-4d > .kt-inside-inner-col:before{opacity:0.3;}.kadence-column134_98272e-4d{position:relative;}@media all and (max-width: 1024px){.kadence-column134_98272e-4d > .kt-inside-inner-col{flex-direction:column;justify-content:center;}}@media all and (max-width: 767px){.kadence-column134_98272e-4d > .kt-inside-inner-col{flex-direction:column;justify-content:center;}}<\/style>\n<div class=\"wp-block-kadence-column kadence-column134_98272e-4d\"><div class=\"kt-inside-inner-col\">\n<p><em>Shame<\/em><br><strong><span class=\"uppercase\">POR Guillermo Kahlo, 2012<\/span><\/strong><\/p>\n\n\n\n<p><\/p>\n\n\n\n<p>No existen los mundos ideales, inevitablemente est\u00e1n ligados a su contrario, la tragedia y la a\u00f1oranza.<br><br>En este contexto la idea de futuro desemboca en el tiempo del nunca.<br><br>La vida esencial en esta serie de dibujos intitulada \u201cShame\u201d, de Jeanne Saade Palombo, tiene como \u00e1mbito fundamental el nunca, el tiempo del vac\u00edo. Tambi\u00e9n el de la eternidad, el de la condici\u00f3n humana como algo irresoluble.<br><br>Siempre me han llamado la atenci\u00f3n sus autorretratos, en ellos Jeanne se agrega a\u00f1os, tensiones y angustias. Como artista hace tangible lo no visible.<br><br>Los rasgos que ella incluye tienen que ver con las inquietudes que le son propias, y que al final nos son propias a todos.<br><br>Como si se tratara de una anticipaci\u00f3n, como podr\u00edan revelarse sus sentimientos en su propia fisonom\u00eda en la medida que no fuera posible exorcizarlos a trav\u00e9s de la pintura.<br><br>Parece que ella tiene el don de dominar sus propios fantasmas en la medida que es capaz de transportarlos al papel o a un lienzo. Pero no por un acto de magia, sino mas bien de conciencia.<br><br>El arte es una victoria sobre el tiempo.<br><br>En sus obras siempre est\u00e1n quienes la acompa\u00f1an, su familia, sus perros, sus amigos, pero tambi\u00e9n en esta capacidad de hacer lo cotidiano algo extraordinario dialoga\u00a0con quienes no ha conocido,\u00a0no de forma directa pero s\u00ed a trav\u00e9s de una extraordinaria capacidad de empat\u00eda, y de su propia intuici\u00f3n.<\/p>\n\n\n\n<p>Por eso su obra nos recuerda que el tiempo es\u00a0fr\u00e1gil.<\/p>\n\n\n\n<p>Las horas est\u00e1n plagadas de belleza as\u00ed como de fealdad, visibles e invisibles. Acechadas inevitablemente\u00a0por la nada. Dicen que por los huecos que deja el miedo es por donde entra el mal, aquello que no reconocemos termina por volvernos su presa.<\/p>\n\n\n\n<p>Cuando se autorretrata, Saade Palombo\u00a0traza rasgos invisibles, pero que est\u00e1n ah\u00ed, como una premonici\u00f3n que se vuelve un testimonio, llegar\u00e1n con los estragos del tiempo y por desconocimiento, o bien en la ausencia del tiempo. Ante su mirada provoca m\u00e1s estragos el tiempo no vivido que el de la propia experiencia. De igual manera da forma, marca o deforma.<\/p>\n\n\n\n<p>S\u00f3lo el entendimiento, la compasi\u00f3n, la posibilidad de reconocernos como seres humanos nos devuelve al presente. Nos libera del nunca.<\/p>\n\n\n\n<p>Somos due\u00f1os de la propia vida pero no de la de otros, interrumpir deliberadamente el curso de la vida y la existencia hace del mundo ideal imaginado escenario para el terror.<\/p>\n\n\n\n<p>La serie de obras \u201cShame\u201d como un m\u00e9rito, encarna la polaridad de la conducta humana, la capacidad creadora, o de procrear, entrelazada a la de destruir. Su argumento es la \u00e9tica m\u00e9dica durante el holocausto. La posibilidad de incidir en la mejora humana a trav\u00e9s de transgredir la secuencia de la vida y la gen\u00e9tica. Es un argumento, mas no el tema, su tema es la ausencia de argumentos a la que conduce esta a\u00f1oranza.<\/p>\n\n\n\n<p>El tema de todas sus obras es la vida como algo sagrado, su relaci\u00f3n con el tiempo, ya sea\u00a0que se trate de la de un animal, la de la amistad o la de quienes no conoci\u00f3.<\/p>\n\n\n\n<p>\u00bfComo hacer que el vac\u00edo no nos invada los segundos y los minutos del d\u00eda? \u00bfAl final la vida entera? Reconoci\u00e9ndolo, observ\u00e1ndolo.<\/p>\n\n\n\n<p>Dicen que lo que separa a los hombres son sus creencias, lo que los une son sus pasiones. Es inevitable ver las obras de Jeanne.<\/p>\n\n\n\n<p>Sus dibujos son nuestro propio retrato, porque son un recordatorio de que vivir es imprescindible y renacer cada d\u00eda algo ineludible.<\/p>\n\n\n\n<p>No hay un mundo perfecto, pero s\u00ed uno m\u00e1s habitable.<\/p>\n\n\n\n<p>Ella llena de entusiasmo y de arte el mundo que le rodea, para hacernos ver que detr\u00e1s de aquello que nos atemoriza est\u00e1 la belleza y la verdad.<\/p>\n\n\n\n<p><\/p>\n\n\n\n<p><\/p>\n\n\n\n<p><\/p>\n\n\n\n<p><\/p>\n\n\n\n<div style=\"height:100px\" aria-hidden=\"true\" class=\"wp-block-spacer\"><\/div>\n\n\n\n<p><br><\/p>\n<\/div><\/div>\n\n\n<style>.kadence-column134_718e39-60 > .kt-inside-inner-col{padding-right:15%;padding-left:20%;}.kadence-column134_718e39-60 > .kt-inside-inner-col,.kadence-column134_718e39-60 > .kt-inside-inner-col:before{border-top-left-radius:0px;border-top-right-radius:0px;border-bottom-right-radius:0px;border-bottom-left-radius:0px;}.kadence-column134_718e39-60 > .kt-inside-inner-col{column-gap:var(--global-kb-gap-sm, 1rem);}.kadence-column134_718e39-60 > .kt-inside-inner-col{flex-direction:column;}.kadence-column134_718e39-60 > .kt-inside-inner-col > .aligncenter{width:100%;}.kadence-column134_718e39-60 > .kt-inside-inner-col:before{opacity:0.3;}.kadence-column134_718e39-60{position:relative;}@media all and (max-width: 1024px){.kadence-column134_718e39-60 > .kt-inside-inner-col{flex-direction:column;justify-content:center;}}@media all and (max-width: 767px){.kadence-column134_718e39-60 > .kt-inside-inner-col{flex-direction:column;justify-content:center;}}<\/style>\n<div class=\"wp-block-kadence-column kadence-column134_718e39-60\"><div class=\"kt-inside-inner-col\"><\/div><\/div>\n\n<\/div><\/div>","protected":false},"excerpt":{"rendered":"<p>ShamePOR Guillermo Kahlo, 2012 No existen los mundos ideales, inevitablemente est\u00e1n ligados a su contrario, la tragedia y la a\u00f1oranza. En este contexto la idea de futuro desemboca en el tiempo del nunca. La vida esencial en esta serie de dibujos intitulada \u201cShame\u201d, de Jeanne Saade Palombo, tiene como \u00e1mbito fundamental el nunca, el tiempo <a href=\"https:\/\/jeannesaadepalombo.com.mx\/eng\/textos\/shame\/\" class=\"more-link\">&#8230;<span class=\"screen-reader-text\">  Shame<\/span><\/a><\/p>","protected":false},"author":1,"featured_media":0,"parent":26,"menu_order":0,"comment_status":"closed","ping_status":"closed","template":"","meta":{"_editorskit_title_hidden":false,"_editorskit_reading_time":0,"_editorskit_is_block_options_detached":false,"_editorskit_block_options_position":"{}","footnotes":""},"class_list":["post-134","page","type-page","status-publish","hentry"],"_links":{"self":[{"href":"https:\/\/jeannesaadepalombo.com.mx\/eng\/wp-json\/wp\/v2\/pages\/134","targetHints":{"allow":["GET"]}}],"collection":[{"href":"https:\/\/jeannesaadepalombo.com.mx\/eng\/wp-json\/wp\/v2\/pages"}],"about":[{"href":"https:\/\/jeannesaadepalombo.com.mx\/eng\/wp-json\/wp\/v2\/types\/page"}],"author":[{"embeddable":true,"href":"https:\/\/jeannesaadepalombo.com.mx\/eng\/wp-json\/wp\/v2\/users\/1"}],"replies":[{"embeddable":true,"href":"https:\/\/jeannesaadepalombo.com.mx\/eng\/wp-json\/wp\/v2\/comments?post=134"}],"version-history":[{"count":5,"href":"https:\/\/jeannesaadepalombo.com.mx\/eng\/wp-json\/wp\/v2\/pages\/134\/revisions"}],"predecessor-version":[{"id":962,"href":"https:\/\/jeannesaadepalombo.com.mx\/eng\/wp-json\/wp\/v2\/pages\/134\/revisions\/962"}],"up":[{"embeddable":true,"href":"https:\/\/jeannesaadepalombo.com.mx\/eng\/wp-json\/wp\/v2\/pages\/26"}],"wp:attachment":[{"href":"https:\/\/jeannesaadepalombo.com.mx\/eng\/wp-json\/wp\/v2\/media?parent=134"}],"curies":[{"name":"wp","href":"https:\/\/api.w.org\/{rel}","templated":true}]}}