{"id":138,"date":"2024-06-11T22:38:27","date_gmt":"2024-06-11T22:38:27","guid":{"rendered":"https:\/\/jeannesaadepalombo.com.mx\/?page_id=138"},"modified":"2024-09-19T01:21:01","modified_gmt":"2024-09-19T01:21:01","slug":"las-mujeres-que-rondan","status":"publish","type":"page","link":"https:\/\/jeannesaadepalombo.com.mx\/eng\/textos\/las-mujeres-que-rondan\/","title":{"rendered":"Las mujeres que rondan"},"content":{"rendered":"<style>.kb-row-layout-id138_1005c0-e8 > .kt-row-column-wrap{align-content:start;}:where(.kb-row-layout-id138_1005c0-e8 > .kt-row-column-wrap) > .wp-block-kadence-column{justify-content:start;}.kb-row-layout-id138_1005c0-e8 > .kt-row-column-wrap{column-gap:var(--global-kb-gap-md, 2rem);row-gap:var(--global-kb-gap-md, 2rem);max-width:80%;margin-left:auto;margin-right:auto;padding-top:10%;padding-bottom:5%;min-height:100vh;grid-template-columns:minmax(0, calc(60% - ((var(--global-kb-gap-md, 2rem) * 1 )\/2)))minmax(0, calc(40% - ((var(--global-kb-gap-md, 2rem) * 1 )\/2)));}.kb-row-layout-id138_1005c0-e8 > .kt-row-layout-overlay{opacity:0.30;}@media all and (max-width: 1024px){.kb-row-layout-id138_1005c0-e8 > .kt-row-column-wrap{grid-template-columns:repeat(2, minmax(0, 1fr));}}@media all and (max-width: 767px){.kb-row-layout-id138_1005c0-e8 > .kt-row-column-wrap{padding-top:10%;padding-bottom:10%;grid-template-columns:minmax(0, 1fr);}}<\/style><div class=\"kb-row-layout-wrap kb-row-layout-id138_1005c0-e8 alignnone wp-block-kadence-rowlayout\"><div class=\"kt-row-column-wrap kt-has-2-columns kt-row-layout-equal kt-tab-layout-inherit kt-mobile-layout-row kt-row-valign-top kt-inner-column-height-full\">\n<style>.kadence-column138_d7fa0b-5d > .kt-inside-inner-col{padding-top:0px;}.kadence-column138_d7fa0b-5d > .kt-inside-inner-col,.kadence-column138_d7fa0b-5d > .kt-inside-inner-col:before{border-top-left-radius:0px;border-top-right-radius:0px;border-bottom-right-radius:0px;border-bottom-left-radius:0px;}.kadence-column138_d7fa0b-5d > .kt-inside-inner-col{column-gap:var(--global-kb-gap-sm, 1rem);}.kadence-column138_d7fa0b-5d > .kt-inside-inner-col{flex-direction:column;}.kadence-column138_d7fa0b-5d > .kt-inside-inner-col > .aligncenter{width:100%;}.kadence-column138_d7fa0b-5d > .kt-inside-inner-col:before{opacity:0.3;}.kadence-column138_d7fa0b-5d{position:relative;}@media all and (max-width: 1024px){.kadence-column138_d7fa0b-5d > .kt-inside-inner-col{flex-direction:column;justify-content:center;}}@media all and (max-width: 767px){.kadence-column138_d7fa0b-5d > .kt-inside-inner-col{flex-direction:column;justify-content:center;}}<\/style>\n<div class=\"wp-block-kadence-column kadence-column138_d7fa0b-5d\"><div class=\"kt-inside-inner-col\">\n<p><em>Las mujeres que rondan<\/em><br><span class=\"uppercase\"><strong>Por LUIS IGNACIO S\u00c1INZ, 2024<\/strong><\/span><\/p>\n\n\n\n<p><\/p>\n\n\n\n<p>Las mujeres que rondan a Adam-Ad\u00e1n son due\u00f1as de sus destinos p\u00e9sele a quien le pese, y entre s\u00ed comparecen rivales para nuestra sorpresa sin que coincidieran nunca en el mismo plano o dimensi\u00f3n. Como en el fondo todos los seres procedemos del mismo ente solitario, en <em>Miradas alusivas<\/em> Nitza Saade deviene modelo singular y plural, binomio apenas distinguido por la mano de su hermana la artista, Lillith-Eva, cara a cara pero sin reconocerse, con los p\u00e1rpados cerrados manteniendo bajo control la curiosidad de esos ojos que, tal vez, han visto demasiado. El rostro es de una serenidad pasmosa, dir\u00edase que de otro mundo, a pesar de prescindir de la expresi\u00f3n de la mirada; podr\u00eda calificarse de belleza metaf\u00edsica. Recordemos que el pudor y la contenci\u00f3n que le es propia, ancla en la vista, los ciegos suelen dar rienda suelta a sus apetitos incluso cuando est\u00e1n y son el centro de una multitud. En consecuencia, al negarse a observar a su alter ego, cada una de estas m\u00edticas \u201cvaronas\u201d pareciera desestimar la existencia de su eco corporal, ese otro ser que es el mismo como pr\u00f3jimo y que es diferente como sujeto. Van solitarias por el mundo y sus representaciones, demoliendo la posibilidad misma de que broten otras \u201chembras\u201d en la trama de Berishat-G\u00e9nesis. Con notable refinamiento Jeanne Saade nos revela la identidad de la modelo, pues en la figura de la izquierda le imposta con elegancia medioriental un velo tatuado en forma de \u00e1rbol f\u00e9rtil de la granada, en clara alusi\u00f3n a la etimolog\u00eda de su nombre: Nitza, \u201ccapullo de flor\u201d. Tambi\u00e9n personifica a Eva, si bien su esgrafiado, m\u00e1s abstracto, alude a un tronco simulado y en movimiento, el \u00e1rbol de la vida-el conocimiento-el amor. Quiz\u00e1 entreverado con una enredadera a modo de alegor\u00eda del \u00e1spid malhadado o liberador, a seg\u00fan las conciencias de quienes lo interpreten.<\/p>\n\n\n\n<p><\/p>\n\n\n\n<p><br><\/p>\n<\/div><\/div>\n\n\n<style>.kadence-column138_a29f80-db > .kt-inside-inner-col{padding-right:15%;padding-left:20%;}.kadence-column138_a29f80-db > .kt-inside-inner-col,.kadence-column138_a29f80-db > .kt-inside-inner-col:before{border-top-left-radius:0px;border-top-right-radius:0px;border-bottom-right-radius:0px;border-bottom-left-radius:0px;}.kadence-column138_a29f80-db > .kt-inside-inner-col{column-gap:var(--global-kb-gap-sm, 1rem);}.kadence-column138_a29f80-db > .kt-inside-inner-col{flex-direction:column;}.kadence-column138_a29f80-db > .kt-inside-inner-col > .aligncenter{width:100%;}.kadence-column138_a29f80-db > .kt-inside-inner-col:before{opacity:0.3;}.kadence-column138_a29f80-db{position:relative;}@media all and (max-width: 1024px){.kadence-column138_a29f80-db > .kt-inside-inner-col{flex-direction:column;justify-content:center;}}@media all and (max-width: 767px){.kadence-column138_a29f80-db > .kt-inside-inner-col{flex-direction:column;justify-content:center;}}<\/style>\n<div class=\"wp-block-kadence-column kadence-column138_a29f80-db\"><div class=\"kt-inside-inner-col\"><\/div><\/div>\n\n<\/div><\/div>","protected":false},"excerpt":{"rendered":"<p>Las mujeres que rondanPor LUIS IGNACIO S\u00c1INZ, 2024 Las mujeres que rondan a Adam-Ad\u00e1n son due\u00f1as de sus destinos p\u00e9sele a quien le pese, y entre s\u00ed comparecen rivales para nuestra sorpresa sin que coincidieran nunca en el mismo plano o dimensi\u00f3n. Como en el fondo todos los seres procedemos del mismo ente solitario, en <a href=\"https:\/\/jeannesaadepalombo.com.mx\/eng\/textos\/las-mujeres-que-rondan\/\" class=\"more-link\">&#8230;<span class=\"screen-reader-text\">  Las mujeres que rondan<\/span><\/a><\/p>","protected":false},"author":1,"featured_media":0,"parent":26,"menu_order":0,"comment_status":"closed","ping_status":"closed","template":"","meta":{"_editorskit_title_hidden":false,"_editorskit_reading_time":0,"_editorskit_is_block_options_detached":false,"_editorskit_block_options_position":"{}","footnotes":""},"class_list":["post-138","page","type-page","status-publish","hentry"],"_links":{"self":[{"href":"https:\/\/jeannesaadepalombo.com.mx\/eng\/wp-json\/wp\/v2\/pages\/138","targetHints":{"allow":["GET"]}}],"collection":[{"href":"https:\/\/jeannesaadepalombo.com.mx\/eng\/wp-json\/wp\/v2\/pages"}],"about":[{"href":"https:\/\/jeannesaadepalombo.com.mx\/eng\/wp-json\/wp\/v2\/types\/page"}],"author":[{"embeddable":true,"href":"https:\/\/jeannesaadepalombo.com.mx\/eng\/wp-json\/wp\/v2\/users\/1"}],"replies":[{"embeddable":true,"href":"https:\/\/jeannesaadepalombo.com.mx\/eng\/wp-json\/wp\/v2\/comments?post=138"}],"version-history":[{"count":6,"href":"https:\/\/jeannesaadepalombo.com.mx\/eng\/wp-json\/wp\/v2\/pages\/138\/revisions"}],"predecessor-version":[{"id":1316,"href":"https:\/\/jeannesaadepalombo.com.mx\/eng\/wp-json\/wp\/v2\/pages\/138\/revisions\/1316"}],"up":[{"embeddable":true,"href":"https:\/\/jeannesaadepalombo.com.mx\/eng\/wp-json\/wp\/v2\/pages\/26"}],"wp:attachment":[{"href":"https:\/\/jeannesaadepalombo.com.mx\/eng\/wp-json\/wp\/v2\/media?parent=138"}],"curies":[{"name":"wp","href":"https:\/\/api.w.org\/{rel}","templated":true}]}}