{"id":144,"date":"2024-06-11T22:55:30","date_gmt":"2024-06-11T22:55:30","guid":{"rendered":"https:\/\/jeannesaadepalombo.com.mx\/?page_id=144"},"modified":"2024-09-18T04:11:00","modified_gmt":"2024-09-18T04:11:00","slug":"de-pedacerias-y-mujeres-de-parpados-cerrados","status":"publish","type":"page","link":"https:\/\/jeannesaadepalombo.com.mx\/eng\/textos\/de-pedacerias-y-mujeres-de-parpados-cerrados\/","title":{"rendered":"De pedacer\u00edas y mujeres de p\u00e1rpados cerrados"},"content":{"rendered":"<style>.kb-row-layout-id144_3d8eef-01 > .kt-row-column-wrap{align-content:start;}:where(.kb-row-layout-id144_3d8eef-01 > .kt-row-column-wrap) > .wp-block-kadence-column{justify-content:start;}.kb-row-layout-id144_3d8eef-01 > .kt-row-column-wrap{column-gap:var(--global-kb-gap-md, 2rem);row-gap:var(--global-kb-gap-md, 2rem);max-width:80%;margin-left:auto;margin-right:auto;padding-top:10%;padding-bottom:5%;min-height:100vh;grid-template-columns:minmax(0, calc(60% - ((var(--global-kb-gap-md, 2rem) * 1 )\/2)))minmax(0, calc(40% - ((var(--global-kb-gap-md, 2rem) * 1 )\/2)));}.kb-row-layout-id144_3d8eef-01 > .kt-row-layout-overlay{opacity:0.30;}@media all and (max-width: 1024px){.kb-row-layout-id144_3d8eef-01 > .kt-row-column-wrap{grid-template-columns:repeat(2, minmax(0, 1fr));}}@media all and (max-width: 767px){.kb-row-layout-id144_3d8eef-01 > .kt-row-column-wrap{padding-top:10%;padding-bottom:10%;grid-template-columns:minmax(0, 1fr);}}<\/style><div class=\"kb-row-layout-wrap kb-row-layout-id144_3d8eef-01 alignnone wp-block-kadence-rowlayout\"><div class=\"kt-row-column-wrap kt-has-2-columns kt-row-layout-equal kt-tab-layout-inherit kt-mobile-layout-row kt-row-valign-top kt-inner-column-height-full\">\n<style>.kadence-column144_d3814c-ae > .kt-inside-inner-col{padding-top:0px;}.kadence-column144_d3814c-ae > .kt-inside-inner-col,.kadence-column144_d3814c-ae > .kt-inside-inner-col:before{border-top-left-radius:0px;border-top-right-radius:0px;border-bottom-right-radius:0px;border-bottom-left-radius:0px;}.kadence-column144_d3814c-ae > .kt-inside-inner-col{column-gap:var(--global-kb-gap-sm, 1rem);}.kadence-column144_d3814c-ae > .kt-inside-inner-col{flex-direction:column;}.kadence-column144_d3814c-ae > .kt-inside-inner-col > .aligncenter{width:100%;}.kadence-column144_d3814c-ae > .kt-inside-inner-col:before{opacity:0.3;}.kadence-column144_d3814c-ae{position:relative;}@media all and (max-width: 1024px){.kadence-column144_d3814c-ae > .kt-inside-inner-col{flex-direction:column;justify-content:center;}}@media all and (max-width: 767px){.kadence-column144_d3814c-ae > .kt-inside-inner-col{flex-direction:column;justify-content:center;}}<\/style>\n<div class=\"wp-block-kadence-column kadence-column144_d3814c-ae\"><div class=\"kt-inside-inner-col\">\n<p><em>De pedacer\u00edas y mujeres de p\u00e1rpados cerrados<\/em><br><strong><span class=\"uppercase\"><strong><span class=\"uppercase\"><strong><span class=\"uppercase\">Por Luis Ignacio S\u00e1in<\/span><\/strong><\/span><\/strong><span class=\"uppercase\"><span class=\"uppercase\">z<\/span><\/span><\/span>, 2022<\/strong><\/p>\n\n\n\n<p><\/p>\n\n\n\n<p>Con rostro y sin facciones, retratos y m\u00e1scaras, mujeres de belleza serena que eriza los sentidos de quienes las observan, reinas depuestas de sus tronos y sitiales, pedacer\u00edas reconstruidas como rompecabezas fallidos, escudillas, pomos y utilitarios ensamblados en precario y deliberado <em>kintsugi<\/em> (<a href=\"https:\/\/es.wikipedia.org\/wiki\/Kintsugi\">\u91d1\u7d99\u304e<\/a>, &#8220;ensamblado dorado o con oro en polvo y\/o en estado l\u00edquido), vestigios de cefal\u00f3podos a partir de su tinta y una impronta como sello en \u00e1nfora que contiene sus tres corazones, un cerebro y ocho brazos-tent\u00e1culos con potentes ventosas que irrumpen a la luz del d\u00eda, saliendo de la clandestinidad y abjurando del silencio, gracias a la magia creadora de unas hebras de barro amasadas por manos que vienen de la lejan\u00eda, son de hoy pero tambi\u00e9n de siempre y anticipan el futuro, ese dios desconocido.<\/p>\n\n\n\n<p>Alfarera sorprendente, Jeanne Saade Palombo se ha reinventado en la sensualidad de la cer\u00e1mica, nada m\u00e1s parecido a caer en <em>hibris <\/em>(\u1f55\u03b2\u03c1\u03b9\u03c2, \u201cdesmesura\u201d), la pretensi\u00f3n de emular a los hacedores de la vida y lo viviente. Y, para sorpresa de propios y extra\u00f1os, lograrlo: otorgarle existencia a la arcilla.<\/p>\n\n\n\n<p>Desfile de objetos que evocan con discreci\u00f3n otros rituales compositivos, los de la pintura y el dibujo, los de la figuraci\u00f3n y la abstracci\u00f3n, los del color o el engobe y la monocrom\u00eda, entre cuyos pliegues se refugia el pudor del modelado, el aleteo de las formas que despiertan de sus prolongados letargos para insuflarnos paz y armon\u00eda&#8230; para inocularnos caos y desasosiego, a seg\u00fan cavilen, mediten o sufran las almas y las conciencias&#8230;<br><\/p>\n<\/div><\/div>\n\n\n<style>.kadence-column144_e486ba-4d > .kt-inside-inner-col{padding-right:15%;padding-left:20%;}.kadence-column144_e486ba-4d > .kt-inside-inner-col,.kadence-column144_e486ba-4d > .kt-inside-inner-col:before{border-top-left-radius:0px;border-top-right-radius:0px;border-bottom-right-radius:0px;border-bottom-left-radius:0px;}.kadence-column144_e486ba-4d > .kt-inside-inner-col{column-gap:var(--global-kb-gap-sm, 1rem);}.kadence-column144_e486ba-4d > .kt-inside-inner-col{flex-direction:column;}.kadence-column144_e486ba-4d > .kt-inside-inner-col > .aligncenter{width:100%;}.kadence-column144_e486ba-4d > .kt-inside-inner-col:before{opacity:0.3;}.kadence-column144_e486ba-4d{position:relative;}@media all and (max-width: 1024px){.kadence-column144_e486ba-4d > .kt-inside-inner-col{flex-direction:column;justify-content:center;}}@media all and (max-width: 767px){.kadence-column144_e486ba-4d > .kt-inside-inner-col{flex-direction:column;justify-content:center;}}<\/style>\n<div class=\"wp-block-kadence-column kadence-column144_e486ba-4d\"><div class=\"kt-inside-inner-col\"><\/div><\/div>\n\n<\/div><\/div>","protected":false},"excerpt":{"rendered":"<p>De pedacer\u00edas y mujeres de p\u00e1rpados cerradosPor Luis Ignacio S\u00e1inz, 2022 Con rostro y sin facciones, retratos y m\u00e1scaras, mujeres de belleza serena que eriza los sentidos de quienes las observan, reinas depuestas de sus tronos y sitiales, pedacer\u00edas reconstruidas como rompecabezas fallidos, escudillas, pomos y utilitarios ensamblados en precario y deliberado kintsugi (\u91d1\u7d99\u304e, &#8220;ensamblado <a href=\"https:\/\/jeannesaadepalombo.com.mx\/eng\/textos\/de-pedacerias-y-mujeres-de-parpados-cerrados\/\" class=\"more-link\">&#8230;<span class=\"screen-reader-text\">  De pedacer\u00edas y mujeres de p\u00e1rpados cerrados<\/span><\/a><\/p>","protected":false},"author":1,"featured_media":0,"parent":26,"menu_order":0,"comment_status":"closed","ping_status":"closed","template":"","meta":{"_editorskit_title_hidden":false,"_editorskit_reading_time":0,"_editorskit_is_block_options_detached":false,"_editorskit_block_options_position":"{}","footnotes":""},"class_list":["post-144","page","type-page","status-publish","hentry"],"_links":{"self":[{"href":"https:\/\/jeannesaadepalombo.com.mx\/eng\/wp-json\/wp\/v2\/pages\/144","targetHints":{"allow":["GET"]}}],"collection":[{"href":"https:\/\/jeannesaadepalombo.com.mx\/eng\/wp-json\/wp\/v2\/pages"}],"about":[{"href":"https:\/\/jeannesaadepalombo.com.mx\/eng\/wp-json\/wp\/v2\/types\/page"}],"author":[{"embeddable":true,"href":"https:\/\/jeannesaadepalombo.com.mx\/eng\/wp-json\/wp\/v2\/users\/1"}],"replies":[{"embeddable":true,"href":"https:\/\/jeannesaadepalombo.com.mx\/eng\/wp-json\/wp\/v2\/comments?post=144"}],"version-history":[{"count":6,"href":"https:\/\/jeannesaadepalombo.com.mx\/eng\/wp-json\/wp\/v2\/pages\/144\/revisions"}],"predecessor-version":[{"id":980,"href":"https:\/\/jeannesaadepalombo.com.mx\/eng\/wp-json\/wp\/v2\/pages\/144\/revisions\/980"}],"up":[{"embeddable":true,"href":"https:\/\/jeannesaadepalombo.com.mx\/eng\/wp-json\/wp\/v2\/pages\/26"}],"wp:attachment":[{"href":"https:\/\/jeannesaadepalombo.com.mx\/eng\/wp-json\/wp\/v2\/media?parent=144"}],"curies":[{"name":"wp","href":"https:\/\/api.w.org\/{rel}","templated":true}]}}