{"id":26,"date":"2024-06-09T23:03:13","date_gmt":"2024-06-09T23:03:13","guid":{"rendered":"https:\/\/jeannesaadepalombo.com.mx\/?page_id=26"},"modified":"2024-09-19T01:17:58","modified_gmt":"2024-09-19T01:17:58","slug":"textos","status":"publish","type":"page","link":"https:\/\/jeannesaadepalombo.com.mx\/eng\/textos\/","title":{"rendered":"Textos"},"content":{"rendered":"<style>.kb-row-layout-id26_12bf43-aa > .kt-row-column-wrap{align-content:start;}:where(.kb-row-layout-id26_12bf43-aa > .kt-row-column-wrap) > .wp-block-kadence-column{justify-content:start;}.kb-row-layout-id26_12bf43-aa > .kt-row-column-wrap{column-gap:var(--global-kb-gap-md, 2rem);row-gap:var(--global-kb-gap-md, 2rem);max-width:80%;margin-left:auto;margin-right:auto;padding-top:10%;padding-bottom:5%;min-height:100vh;grid-template-columns:minmax(0, calc(60% - ((var(--global-kb-gap-md, 2rem) * 1 )\/2)))minmax(0, calc(40% - ((var(--global-kb-gap-md, 2rem) * 1 )\/2)));}.kb-row-layout-id26_12bf43-aa > .kt-row-layout-overlay{opacity:0.30;}@media all and (max-width: 1024px){.kb-row-layout-id26_12bf43-aa > .kt-row-column-wrap{grid-template-columns:repeat(2, minmax(0, 1fr));}}@media all and (max-width: 767px){.kb-row-layout-id26_12bf43-aa > .kt-row-column-wrap{padding-top:10%;padding-bottom:10%;grid-template-columns:minmax(0, 1fr);}}<\/style><div class=\"kb-row-layout-wrap kb-row-layout-id26_12bf43-aa alignnone wp-block-kadence-rowlayout\"><div class=\"kt-row-column-wrap kt-has-2-columns kt-row-layout-equal kt-tab-layout-inherit kt-mobile-layout-row kt-row-valign-top kt-inner-column-height-full\">\n<style>.kadence-column26_9b59b2-57 > .kt-inside-inner-col{padding-top:0px;}.kadence-column26_9b59b2-57 > .kt-inside-inner-col,.kadence-column26_9b59b2-57 > .kt-inside-inner-col:before{border-top-left-radius:0px;border-top-right-radius:0px;border-bottom-right-radius:0px;border-bottom-left-radius:0px;}.kadence-column26_9b59b2-57 > .kt-inside-inner-col{column-gap:var(--global-kb-gap-sm, 1rem);}.kadence-column26_9b59b2-57 > .kt-inside-inner-col{flex-direction:column;}.kadence-column26_9b59b2-57 > .kt-inside-inner-col > .aligncenter{width:100%;}.kadence-column26_9b59b2-57 > .kt-inside-inner-col:before{opacity:0.3;}.kadence-column26_9b59b2-57{position:relative;}@media all and (max-width: 1024px){.kadence-column26_9b59b2-57 > .kt-inside-inner-col{flex-direction:column;justify-content:center;}}@media all and (max-width: 767px){.kadence-column26_9b59b2-57 > .kt-inside-inner-col{flex-direction:column;justify-content:center;}}<\/style>\n<div class=\"wp-block-kadence-column kadence-column26_9b59b2-57\"><div class=\"kt-inside-inner-col\">\n<p><a href=\"https:\/\/jeannesaadepalombo.com.mx\/eng\/textos\/mascara-o-masacre-las-sevicias-involuntarias-de-jeanne-saade-palombo\/\" data-type=\"link\" data-id=\"https:\/\/jeannesaadepalombo.com.mx\/textos\/mascara-o-masacre-las-sevicias-involuntarias-de-jeanne-saade-palombo\/\"><em>M\u00e1scara o masacre. Las sevicias (in)voluntarias de Jeanne Saade Palombo<\/em><br><strong><span class=\"uppercase\">Por Sylvia Navarrete, 2006<\/span><\/strong><\/a><\/p>\n\n\n\n<p><a href=\"https:\/\/jeannesaadepalombo.com.mx\/eng\/textos\/la-bella-mentirosa\/\" data-type=\"link\" data-id=\"https:\/\/jeannesaadepalombo.com.mx\/textos\/la-bella-mentirosa\/\"><em>La bella mentirosa<\/em><br><strong><span class=\"uppercase\">por Carles AsensiO, 2013<\/span><\/strong><\/a><\/p>\n\n\n\n<p><a href=\"https:\/\/jeannesaadepalombo.com.mx\/eng\/textos\/testimonios-y-descomposiciones-de-jeanne-saade-palombo\/\" data-type=\"link\" data-id=\"https:\/\/jeannesaadepalombo.com.mx\/textos\/testimonios-y-descomposiciones-de-jeanne-saade-palombo\/\"><em>Testimonios y (des)composiciones de Jeanne Saade Palombo<\/em><br><span class=\"uppercase\"><strong>Por Luis Ignacio S\u00e1inZ, 2009<\/strong><\/span><\/a><\/p>\n\n\n\n<p><a href=\"https:\/\/jeannesaadepalombo.com.mx\/eng\/textos\/shame\/\" class=\"ek-link\"><em>Shame<\/em><br><span class=\"uppercase\"><strong>POR Guillermo Kahlo, 2012<\/strong><\/span><\/a><\/p>\n\n\n\n<p><a class=\"ek-link\" href=\"https:\/\/jeannesaadepalombo.com.mx\/eng\/textos\/las-mujeres-que-rondan\/\"><em>Las mujeres que rondan<\/em><br><strong><span class=\"uppercase\">Por LUIS IGNACIO S\u00c1INZ<\/span>, 2024<\/strong><\/a><\/p>\n\n\n\n<p><a class=\"ek-link\" href=\"https:\/\/jeannesaadepalombo.com.mx\/eng\/textos\/laberintos-espirituales-de-jeanne-saade-palombo\/\"><em>Laberintos espirituales de Jeanne Saade Palombo<\/em><br><span class=\"uppercase\"><strong>Por LUIS IGNACIO S\u00c1INZ, 2022<\/strong><\/span><\/a><\/p>\n\n\n\n<p><a class=\"ek-link\" href=\"https:\/\/jeannesaadepalombo.com.mx\/eng\/textos\/de-pedacerias-y-mujeres-de-parpados-cerrados\/\"><em>De pedacer\u00edas y mujeres de p\u00e1rpados cerrados<\/em><br><strong><span class=\"uppercase\">Por Luis Ignacio S\u00e1inZ, 2022<\/span><\/strong><\/a><\/p>\n\n\n\n<p><\/p>\n<\/div><\/div>\n\n\n<style>.kadence-column26_1b295b-82 > .kt-inside-inner-col{padding-right:15%;padding-left:20%;}.kadence-column26_1b295b-82 > .kt-inside-inner-col,.kadence-column26_1b295b-82 > .kt-inside-inner-col:before{border-top-left-radius:0px;border-top-right-radius:0px;border-bottom-right-radius:0px;border-bottom-left-radius:0px;}.kadence-column26_1b295b-82 > .kt-inside-inner-col{column-gap:var(--global-kb-gap-sm, 1rem);}.kadence-column26_1b295b-82 > .kt-inside-inner-col{flex-direction:column;}.kadence-column26_1b295b-82 > .kt-inside-inner-col > .aligncenter{width:100%;}.kadence-column26_1b295b-82 > .kt-inside-inner-col:before{opacity:0.3;}.kadence-column26_1b295b-82{position:relative;}@media all and (max-width: 1024px){.kadence-column26_1b295b-82 > .kt-inside-inner-col{flex-direction:column;justify-content:center;}}@media all and (max-width: 767px){.kadence-column26_1b295b-82 > .kt-inside-inner-col{flex-direction:column;justify-content:center;}}<\/style>\n<div class=\"wp-block-kadence-column kadence-column26_1b295b-82\"><div class=\"kt-inside-inner-col\"><\/div><\/div>\n\n<\/div><\/div>\n\n\n<p><\/p>","protected":false},"excerpt":{"rendered":"<p>M\u00e1scara o masacre. Las sevicias (in)voluntarias de Jeanne Saade PalomboPor Sylvia Navarrete, 2006 La bella mentirosapor Carles AsensiO, 2013 Testimonios y (des)composiciones de Jeanne Saade PalomboPor Luis Ignacio S\u00e1inZ, 2009 ShamePOR Guillermo Kahlo, 2012 Las mujeres que rondanPor LUIS IGNACIO S\u00c1INZ, 2024 Laberintos espirituales de Jeanne Saade PalomboPor LUIS IGNACIO S\u00c1INZ, 2022 De pedacer\u00edas y <a href=\"https:\/\/jeannesaadepalombo.com.mx\/eng\/textos\/\" class=\"more-link\">&#8230;<span class=\"screen-reader-text\">  Textos<\/span><\/a><\/p>","protected":false},"author":1,"featured_media":0,"parent":0,"menu_order":0,"comment_status":"closed","ping_status":"closed","template":"","meta":{"_editorskit_title_hidden":false,"_editorskit_reading_time":0,"_editorskit_is_block_options_detached":false,"_editorskit_block_options_position":"{}","footnotes":""},"class_list":["post-26","page","type-page","status-publish","hentry"],"_links":{"self":[{"href":"https:\/\/jeannesaadepalombo.com.mx\/eng\/wp-json\/wp\/v2\/pages\/26","targetHints":{"allow":["GET"]}}],"collection":[{"href":"https:\/\/jeannesaadepalombo.com.mx\/eng\/wp-json\/wp\/v2\/pages"}],"about":[{"href":"https:\/\/jeannesaadepalombo.com.mx\/eng\/wp-json\/wp\/v2\/types\/page"}],"author":[{"embeddable":true,"href":"https:\/\/jeannesaadepalombo.com.mx\/eng\/wp-json\/wp\/v2\/users\/1"}],"replies":[{"embeddable":true,"href":"https:\/\/jeannesaadepalombo.com.mx\/eng\/wp-json\/wp\/v2\/comments?post=26"}],"version-history":[{"count":36,"href":"https:\/\/jeannesaadepalombo.com.mx\/eng\/wp-json\/wp\/v2\/pages\/26\/revisions"}],"predecessor-version":[{"id":1314,"href":"https:\/\/jeannesaadepalombo.com.mx\/eng\/wp-json\/wp\/v2\/pages\/26\/revisions\/1314"}],"wp:attachment":[{"href":"https:\/\/jeannesaadepalombo.com.mx\/eng\/wp-json\/wp\/v2\/media?parent=26"}],"curies":[{"name":"wp","href":"https:\/\/api.w.org\/{rel}","templated":true}]}}