{"id":274,"date":"2024-06-25T18:46:39","date_gmt":"2024-06-25T18:46:39","guid":{"rendered":"https:\/\/jeannesaadepalombo.com.mx\/?page_id=274"},"modified":"2024-09-20T18:02:02","modified_gmt":"2024-09-20T18:02:02","slug":"pintura","status":"publish","type":"page","link":"https:\/\/jeannesaadepalombo.com.mx\/eng\/obra\/pintura\/","title":{"rendered":"Pintura"},"content":{"rendered":"<style>.kb-row-layout-id274_9701f7-1d > .kt-row-column-wrap{align-content:start;}:where(.kb-row-layout-id274_9701f7-1d > .kt-row-column-wrap) > .wp-block-kadence-column{justify-content:start;}.kb-row-layout-id274_9701f7-1d > .kt-row-column-wrap{column-gap:var(--global-kb-gap-md, 2rem);row-gap:var(--global-kb-gap-md, 2rem);max-width:80%;margin-left:auto;margin-right:auto;padding-top:10%;padding-bottom:5%;grid-template-columns:minmax(0, calc(20% - ((var(--global-kb-gap-md, 2rem) * 1 )\/2)))minmax(0, calc(80% - ((var(--global-kb-gap-md, 2rem) * 1 )\/2)));}.kb-row-layout-id274_9701f7-1d > .kt-row-layout-overlay{opacity:0.30;}@media all and (max-width: 1024px){.kb-row-layout-id274_9701f7-1d > .kt-row-column-wrap{grid-template-columns:minmax(0, 1fr) minmax(0, 2fr);}}@media all and (max-width: 767px){.kb-row-layout-id274_9701f7-1d > .kt-row-column-wrap{grid-template-columns:minmax(0, 1fr);}}<\/style><div class=\"kb-row-layout-wrap kb-row-layout-id274_9701f7-1d alignnone wp-block-kadence-rowlayout\"><div class=\"kt-row-column-wrap kt-has-2-columns kt-row-layout-right-golden kt-tab-layout-inherit kt-mobile-layout-row kt-row-valign-top\">\n<style>.kadence-column274_729bcb-1f > .kt-inside-inner-col,.kadence-column274_729bcb-1f > .kt-inside-inner-col:before{border-top-left-radius:0px;border-top-right-radius:0px;border-bottom-right-radius:0px;border-bottom-left-radius:0px;}.kadence-column274_729bcb-1f > .kt-inside-inner-col{column-gap:var(--global-kb-gap-sm, 1rem);}.kadence-column274_729bcb-1f > .kt-inside-inner-col{flex-direction:column;}.kadence-column274_729bcb-1f > .kt-inside-inner-col > .aligncenter{width:100%;}.kadence-column274_729bcb-1f > .kt-inside-inner-col:before{opacity:0.3;}.kadence-column274_729bcb-1f{position:relative;}@media all and (max-width: 1024px){.kadence-column274_729bcb-1f > .kt-inside-inner-col{flex-direction:column;justify-content:center;}}@media all and (max-width: 767px){.kadence-column274_729bcb-1f > .kt-inside-inner-col{flex-direction:column;justify-content:center;}}<\/style>\n<div class=\"wp-block-kadence-column kadence-column274_729bcb-1f\"><div class=\"kt-inside-inner-col\"><style>.kadence-column274_3daaee-96 > .kt-inside-inner-col{padding-top:0px;padding-bottom:0px;}.kadence-column274_3daaee-96 > .kt-inside-inner-col,.kadence-column274_3daaee-96 > .kt-inside-inner-col:before{border-top-left-radius:0px;border-top-right-radius:0px;border-bottom-right-radius:0px;border-bottom-left-radius:0px;}.kadence-column274_3daaee-96 > .kt-inside-inner-col{column-gap:var(--global-kb-gap-sm, 1rem);}.kadence-column274_3daaee-96 > .kt-inside-inner-col{flex-direction:column;}.kadence-column274_3daaee-96 > .kt-inside-inner-col > .aligncenter{width:100%;}.kadence-column274_3daaee-96 > .kt-inside-inner-col:before{opacity:0.3;}.kadence-column274_3daaee-96{position:relative;}@media all and (max-width: 1024px){.kadence-column274_3daaee-96 > .kt-inside-inner-col{flex-direction:column;justify-content:center;}}@media all and (max-width: 767px){.kadence-column274_3daaee-96 > .kt-inside-inner-col{flex-direction:column;justify-content:center;}}<\/style>\n<div class=\"wp-block-kadence-column kadence-column274_3daaee-96 pdfmenu\"><div class=\"kt-inside-inner-col\">\n<p><strong>FIGURATIVA<\/strong><\/p>\n\n\n<style>.kadence-column274_923049-d6 > .kt-inside-inner-col,.kadence-column274_923049-d6 > .kt-inside-inner-col:before{border-top-left-radius:0px;border-top-right-radius:0px;border-bottom-right-radius:0px;border-bottom-left-radius:0px;}.kadence-column274_923049-d6 > .kt-inside-inner-col{column-gap:var(--global-kb-gap-sm, 1rem);}.kadence-column274_923049-d6 > .kt-inside-inner-col{flex-direction:column;}.kadence-column274_923049-d6 > .kt-inside-inner-col > .aligncenter{width:100%;}.kadence-column274_923049-d6 > .kt-inside-inner-col:before{opacity:0.3;}.kadence-column274_923049-d6{position:relative;}@media all and (max-width: 1024px){.kadence-column274_923049-d6 > .kt-inside-inner-col{flex-direction:column;justify-content:center;}}@media all and (max-width: 767px){.kadence-column274_923049-d6 > .kt-inside-inner-col{flex-direction:column;justify-content:center;}}<\/style>\n<div class=\"wp-block-kadence-column kadence-column274_923049-d6 pdfarticulos\"><div class=\"kt-inside-inner-col\">\n<p><a class=\"ek-link\" href=\"https:\/\/jeannesaadepalombo.com.mx\/eng\/obra\/pintura\/figurativa\/claustro\/\">Y su coraz\u00f3n se les <span class=\"p-french\">queda fr\u00edo y sus alas dejan caer<\/span><\/a><\/p>\n\n\n\n<p><a href=\"https:\/\/jeannesaadepalombo.com.mx\/eng\/obra\/pintura\/figurativa\/leyendas\/\" class=\"ek-link\">Leyendas<\/a><\/p>\n\n\n\n<p><a class=\"ek-link\" href=\"https:\/\/jeannesaadepalombo.com.mx\/eng\/obra\/pintura\/figurativa\/zorros-y-erizos\/\">De zorros, erizos y <span class=\"p-french\">otras personalidades<\/span><\/a><a class=\"ek-link\" href=\"https:\/\/jeannesaadepalombo.com.mx\/eng\/obra\/pintura\/figurativa\/zorros-y-erizos\/\"><\/a><\/p>\n\n\n\n<p><a href=\"https:\/\/jeannesaadepalombo.com.mx\/eng\/obra\/pintura\/figurativa\/reinas\/\" class=\"ek-link\">Reinas<\/a><\/p>\n\n\n\n<p><a href=\"https:\/\/jeannesaadepalombo.com.mx\/eng\/obra\/pintura\/figurativa\/autoretratos\/\" class=\"ek-link\">Autorretratos<\/a><\/p>\n<\/div><\/div>\n<\/div><\/div>\n\n\n<style>.kadence-column274_6ac70e-5a > .kt-inside-inner-col{padding-top:0px;padding-bottom:0px;}.kadence-column274_6ac70e-5a > .kt-inside-inner-col,.kadence-column274_6ac70e-5a > .kt-inside-inner-col:before{border-top-left-radius:0px;border-top-right-radius:0px;border-bottom-right-radius:0px;border-bottom-left-radius:0px;}.kadence-column274_6ac70e-5a > .kt-inside-inner-col{column-gap:var(--global-kb-gap-sm, 1rem);}.kadence-column274_6ac70e-5a > .kt-inside-inner-col{flex-direction:column;}.kadence-column274_6ac70e-5a > .kt-inside-inner-col > .aligncenter{width:100%;}.kadence-column274_6ac70e-5a > .kt-inside-inner-col:before{opacity:0.3;}.kadence-column274_6ac70e-5a{position:relative;}@media all and (max-width: 1024px){.kadence-column274_6ac70e-5a > .kt-inside-inner-col{flex-direction:column;justify-content:center;}}@media all and (max-width: 767px){.kadence-column274_6ac70e-5a > .kt-inside-inner-col{flex-direction:column;justify-content:center;}}<\/style>\n<div class=\"wp-block-kadence-column kadence-column274_6ac70e-5a pdfmenu\"><div class=\"kt-inside-inner-col\">\n<p><strong>ABSTRACTA<\/strong><\/p>\n\n\n<style>.kadence-column274_19dd9c-4c > .kt-inside-inner-col,.kadence-column274_19dd9c-4c > .kt-inside-inner-col:before{border-top-left-radius:0px;border-top-right-radius:0px;border-bottom-right-radius:0px;border-bottom-left-radius:0px;}.kadence-column274_19dd9c-4c > .kt-inside-inner-col{column-gap:var(--global-kb-gap-sm, 1rem);}.kadence-column274_19dd9c-4c > .kt-inside-inner-col{flex-direction:column;}.kadence-column274_19dd9c-4c > .kt-inside-inner-col > .aligncenter{width:100%;}.kadence-column274_19dd9c-4c > .kt-inside-inner-col:before{opacity:0.3;}.kadence-column274_19dd9c-4c{position:relative;}@media all and (max-width: 1024px){.kadence-column274_19dd9c-4c > .kt-inside-inner-col{flex-direction:column;justify-content:center;}}@media all and (max-width: 767px){.kadence-column274_19dd9c-4c > .kt-inside-inner-col{flex-direction:column;justify-content:center;}}<\/style>\n<div class=\"wp-block-kadence-column kadence-column274_19dd9c-4c pdfarticulos\"><div class=\"kt-inside-inner-col\">\n<p><a href=\"https:\/\/jeannesaadepalombo.com.mx\/eng\/obra\/pintura\/abstracta\/imperio\/\" data-type=\"page\" data-id=\"304\">Imperio de las memorias<\/a><\/p>\n\n\n\n<p><a href=\"https:\/\/jeannesaadepalombo.com.mx\/eng\/obra\/pintura\/abstracta\/opera-gallery\/\" data-type=\"page\" data-id=\"306\">Opera Gallery <\/a><\/p>\n\n\n\n<p><a href=\"https:\/\/jeannesaadepalombo.com.mx\/eng\/obra\/pintura\/abstracta\/intuiciones-del-infinito\/\" data-type=\"page\" data-id=\"308\">Intuiciones del infinito<\/a><\/p>\n\n\n\n<p><a href=\"https:\/\/jeannesaadepalombo.com.mx\/eng\/obra\/pintura\/abstracta\/lo-femenino\/\" data-type=\"page\" data-id=\"310\">Lo femenino m\u00e1s <span class=\"p-french\">all\u00e1 del cuerpo<\/span><\/a><\/p>\n<\/div><\/div>\n<\/div><\/div>\n\n\n<style>.kadence-column274_57bef0-6d > .kt-inside-inner-col{padding-top:0px;padding-bottom:0px;}.kadence-column274_57bef0-6d > .kt-inside-inner-col,.kadence-column274_57bef0-6d > .kt-inside-inner-col:before{border-top-left-radius:0px;border-top-right-radius:0px;border-bottom-right-radius:0px;border-bottom-left-radius:0px;}.kadence-column274_57bef0-6d > .kt-inside-inner-col{column-gap:var(--global-kb-gap-sm, 1rem);}.kadence-column274_57bef0-6d > .kt-inside-inner-col{flex-direction:column;}.kadence-column274_57bef0-6d > .kt-inside-inner-col > .aligncenter{width:100%;}.kadence-column274_57bef0-6d > .kt-inside-inner-col:before{opacity:0.3;}.kadence-column274_57bef0-6d{position:relative;}@media all and (max-width: 1024px){.kadence-column274_57bef0-6d > .kt-inside-inner-col{flex-direction:column;justify-content:center;}}@media all and (max-width: 767px){.kadence-column274_57bef0-6d > .kt-inside-inner-col{flex-direction:column;justify-content:center;}}<\/style>\n<div class=\"wp-block-kadence-column kadence-column274_57bef0-6d pdfmenu\"><div class=\"kt-inside-inner-col\">\n<p><strong>LIBROS DE ARTISTA<\/strong><\/p>\n\n\n<style>.kadence-column274_7fb270-2c > .kt-inside-inner-col,.kadence-column274_7fb270-2c > .kt-inside-inner-col:before{border-top-left-radius:0px;border-top-right-radius:0px;border-bottom-right-radius:0px;border-bottom-left-radius:0px;}.kadence-column274_7fb270-2c > .kt-inside-inner-col{column-gap:var(--global-kb-gap-sm, 1rem);}.kadence-column274_7fb270-2c > .kt-inside-inner-col{flex-direction:column;}.kadence-column274_7fb270-2c > .kt-inside-inner-col > .aligncenter{width:100%;}.kadence-column274_7fb270-2c > .kt-inside-inner-col:before{opacity:0.3;}.kadence-column274_7fb270-2c{position:relative;}@media all and (max-width: 1024px){.kadence-column274_7fb270-2c > .kt-inside-inner-col{flex-direction:column;justify-content:center;}}@media all and (max-width: 767px){.kadence-column274_7fb270-2c > .kt-inside-inner-col{flex-direction:column;justify-content:center;}}<\/style>\n<div class=\"wp-block-kadence-column kadence-column274_7fb270-2c pdfarticulos\"><div class=\"kt-inside-inner-col\">\n<p><a href=\"https:\/\/jeannesaadepalombo.com.mx\/eng\/obra\/libros\/libros-de-artista-9\/\" data-type=\"page\" data-id=\"1460\"><em>9<\/em><\/a><\/p>\n\n\n\n<p><a href=\"https:\/\/jeannesaadepalombo.com.mx\/eng\/obra\/libros\/libros-de-artista-28\/\" data-type=\"page\" data-id=\"1457\"><em>28<\/em><\/a><\/p>\n\n\n\n<p><a href=\"https:\/\/jeannesaadepalombo.com.mx\/eng\/obra\/libros\/libros-de-artista-2\/\" data-type=\"page\" data-id=\"1455\"><em>2<\/em><\/a><\/p>\n<\/div><\/div>\n<\/div><\/div>\n\n\n<style>.kadence-column274_4a869c-25 > .kt-inside-inner-col{padding-top:0px;padding-bottom:0px;}.kadence-column274_4a869c-25 > .kt-inside-inner-col,.kadence-column274_4a869c-25 > .kt-inside-inner-col:before{border-top-left-radius:0px;border-top-right-radius:0px;border-bottom-right-radius:0px;border-bottom-left-radius:0px;}.kadence-column274_4a869c-25 > .kt-inside-inner-col{column-gap:var(--global-kb-gap-sm, 1rem);}.kadence-column274_4a869c-25 > .kt-inside-inner-col{flex-direction:column;}.kadence-column274_4a869c-25 > .kt-inside-inner-col > .aligncenter{width:100%;}.kadence-column274_4a869c-25 > .kt-inside-inner-col:before{opacity:0.3;}.kadence-column274_4a869c-25{position:relative;}@media all and (max-width: 1024px){.kadence-column274_4a869c-25 > .kt-inside-inner-col{flex-direction:column;justify-content:center;}}@media all and (max-width: 767px){.kadence-column274_4a869c-25 > .kt-inside-inner-col{flex-direction:column;justify-content:center;}}<\/style>\n<div class=\"wp-block-kadence-column kadence-column274_4a869c-25 pdfmenu\"><div class=\"kt-inside-inner-col\">\n<p><strong><a href=\"https:\/\/jeannesaadepalombo.com.mx\/eng\/obra\/ilustracion-editorial\/\" data-type=\"page\" data-id=\"1453\">ILUSTRACI\u00d3N EDITORIAL<\/a><\/strong><\/p>\n\n\n<style>.kadence-column274_bde6d1-6e > .kt-inside-inner-col,.kadence-column274_bde6d1-6e > .kt-inside-inner-col:before{border-top-left-radius:0px;border-top-right-radius:0px;border-bottom-right-radius:0px;border-bottom-left-radius:0px;}.kadence-column274_bde6d1-6e > .kt-inside-inner-col{column-gap:var(--global-kb-gap-sm, 1rem);}.kadence-column274_bde6d1-6e > .kt-inside-inner-col{flex-direction:column;}.kadence-column274_bde6d1-6e > .kt-inside-inner-col > .aligncenter{width:100%;}.kadence-column274_bde6d1-6e > .kt-inside-inner-col:before{opacity:0.3;}.kadence-column274_bde6d1-6e{position:relative;}@media all and (max-width: 1024px){.kadence-column274_bde6d1-6e > .kt-inside-inner-col{flex-direction:column;justify-content:center;}}@media all and (max-width: 767px){.kadence-column274_bde6d1-6e > .kt-inside-inner-col{flex-direction:column;justify-content:center;}}<\/style>\n<div class=\"wp-block-kadence-column kadence-column274_bde6d1-6e pdfarticulos\"><div class=\"kt-inside-inner-col\"><\/div><\/div>\n<\/div><\/div>\n<\/div><\/div>\n\n\n<style>.kadence-column274_09306b-aa > .kt-inside-inner-col,.kadence-column274_09306b-aa > .kt-inside-inner-col:before{border-top-left-radius:0px;border-top-right-radius:0px;border-bottom-right-radius:0px;border-bottom-left-radius:0px;}.kadence-column274_09306b-aa > .kt-inside-inner-col{column-gap:var(--global-kb-gap-sm, 1rem);}.kadence-column274_09306b-aa > .kt-inside-inner-col{flex-direction:column;}.kadence-column274_09306b-aa > .kt-inside-inner-col > .aligncenter{width:100%;}.kadence-column274_09306b-aa > .kt-inside-inner-col:before{opacity:0.3;}.kadence-column274_09306b-aa{position:relative;}@media all and (max-width: 1024px){.kadence-column274_09306b-aa > .kt-inside-inner-col{flex-direction:column;justify-content:center;}}@media all and (max-width: 767px){.kadence-column274_09306b-aa > .kt-inside-inner-col{flex-direction:column;justify-content:center;}}<\/style>\n<div class=\"wp-block-kadence-column kadence-column274_09306b-aa\"><div class=\"kt-inside-inner-col\"><style>.kb-row-layout-id274_6ddfa6-cf > .kt-row-column-wrap{align-content:start;}:where(.kb-row-layout-id274_6ddfa6-cf > .kt-row-column-wrap) > .wp-block-kadence-column{justify-content:start;}.kb-row-layout-id274_6ddfa6-cf > .kt-row-column-wrap{column-gap:var(--global-kb-gap-md, 2rem);row-gap:var(--global-kb-gap-md, 2rem);grid-template-columns:minmax(0, 1fr);}.kb-row-layout-id274_6ddfa6-cf > .kt-row-layout-overlay{opacity:0.30;}@media all and (max-width: 1024px){.kb-row-layout-id274_6ddfa6-cf > .kt-row-column-wrap{grid-template-columns:minmax(0, 1fr);}}@media all and (max-width: 767px){.kb-row-layout-id274_6ddfa6-cf > .kt-row-column-wrap{grid-template-columns:minmax(0, 1fr);}}<\/style><div class=\"kb-row-layout-wrap kb-row-layout-id274_6ddfa6-cf alignnone wp-block-kadence-rowlayout\"><div class=\"kt-row-column-wrap kt-has-1-columns kt-row-layout-equal kt-tab-layout-inherit kt-mobile-layout-row kt-row-valign-top\">\n<style>.kadence-column274_e36e20-30 > .kt-inside-inner-col,.kadence-column274_e36e20-30 > .kt-inside-inner-col:before{border-top-left-radius:0px;border-top-right-radius:0px;border-bottom-right-radius:0px;border-bottom-left-radius:0px;}.kadence-column274_e36e20-30 > .kt-inside-inner-col{column-gap:var(--global-kb-gap-sm, 1rem);}.kadence-column274_e36e20-30 > .kt-inside-inner-col{flex-direction:column;}.kadence-column274_e36e20-30 > .kt-inside-inner-col > .aligncenter{width:100%;}.kadence-column274_e36e20-30 > .kt-inside-inner-col:before{opacity:0.3;}.kadence-column274_e36e20-30{position:relative;}@media all and (max-width: 1024px){.kadence-column274_e36e20-30 > .kt-inside-inner-col{flex-direction:column;justify-content:center;}}@media all and (max-width: 767px){.kadence-column274_e36e20-30 > .kt-inside-inner-col{flex-direction:column;justify-content:center;}}<\/style>\n<div class=\"wp-block-kadence-column kadence-column274_e36e20-30 carruselobra\"><div class=\"kt-inside-inner-col\"><style>.kb-row-layout-id274_00f053-7c > .kt-row-column-wrap{align-content:start;}:where(.kb-row-layout-id274_00f053-7c > .kt-row-column-wrap) > .wp-block-kadence-column{justify-content:start;}.kb-row-layout-id274_00f053-7c > .kt-row-column-wrap{column-gap:var(--global-kb-gap-none, 0rem );row-gap:var(--global-kb-gap-none, 0rem );grid-template-columns:minmax(0, 2fr) minmax(0, 1fr);}.kb-row-layout-id274_00f053-7c > .kt-row-layout-overlay{opacity:0.30;}@media all and (max-width: 1024px){.kb-row-layout-id274_00f053-7c > .kt-row-column-wrap{grid-template-columns:minmax(0, 2fr) minmax(0, 1fr);}}@media all and (max-width: 767px){.kb-row-layout-id274_00f053-7c > .kt-row-column-wrap{grid-template-columns:minmax(0, 1fr);}}<\/style><div class=\"kb-row-layout-wrap kb-row-layout-id274_00f053-7c alignnone carruselblock wp-block-kadence-rowlayout\"><div class=\"kt-row-column-wrap kt-has-2-columns kt-row-layout-left-golden kt-tab-layout-inherit kt-mobile-layout-row kt-row-valign-top\">\n<style>.kadence-column274_2a39af-1f > .kt-inside-inner-col,.kadence-column274_2a39af-1f > .kt-inside-inner-col:before{border-top-left-radius:0px;border-top-right-radius:0px;border-bottom-right-radius:0px;border-bottom-left-radius:0px;}.kadence-column274_2a39af-1f > .kt-inside-inner-col{column-gap:var(--global-kb-gap-sm, 1rem);}.kadence-column274_2a39af-1f > .kt-inside-inner-col{flex-direction:column;}.kadence-column274_2a39af-1f > .kt-inside-inner-col > .aligncenter{width:100%;}.kadence-column274_2a39af-1f > .kt-inside-inner-col:before{opacity:0.3;}.kadence-column274_2a39af-1f{position:relative;}@media all and (max-width: 1024px){.kadence-column274_2a39af-1f > .kt-inside-inner-col{flex-direction:column;justify-content:center;}}@media all and (max-width: 767px){.kadence-column274_2a39af-1f > .kt-inside-inner-col{flex-direction:column;justify-content:center;}}<\/style>\n<div class=\"wp-block-kadence-column kadence-column274_2a39af-1f\"><div class=\"kt-inside-inner-col\"><style>.kb-image274_da3152-cf .kb-image-has-overlay:after{opacity:0.3;}<\/style>\n<figure class=\"wp-block-kadence-image kb-image274_da3152-cf size-large carruselimage\"><img loading=\"lazy\" decoding=\"async\" width=\"1024\" height=\"1024\" src=\"https:\/\/jeannesaadepalombo.com.mx\/wp-content\/uploads\/2024\/09\/Cama-2--1024x1024.webp\" alt=\"\" class=\"kb-img wp-image-1182\" srcset=\"https:\/\/jeannesaadepalombo.com.mx\/wp-content\/uploads\/2024\/09\/Cama-2--1024x1024.webp 1024w, https:\/\/jeannesaadepalombo.com.mx\/wp-content\/uploads\/2024\/09\/Cama-2--12x12.webp 12w, https:\/\/jeannesaadepalombo.com.mx\/wp-content\/uploads\/2024\/09\/Cama-2-.webp 1500w\" sizes=\"auto, (max-width: 1024px) 100vw, 1024px\" \/><\/figure>\n<\/div><\/div>\n\n\n<style>.kadence-column274_485913-13 > .kt-inside-inner-col,.kadence-column274_485913-13 > .kt-inside-inner-col:before{border-top-left-radius:0px;border-top-right-radius:0px;border-bottom-right-radius:0px;border-bottom-left-radius:0px;}.kadence-column274_485913-13 > .kt-inside-inner-col{column-gap:var(--global-kb-gap-sm, 1rem);}.kadence-column274_485913-13 > .kt-inside-inner-col{flex-direction:column;}.kadence-column274_485913-13 > .kt-inside-inner-col > .aligncenter{width:100%;}.kadence-column274_485913-13 > .kt-inside-inner-col:before{opacity:0.3;}.kadence-column274_485913-13{position:relative;}@media all and (max-width: 1024px){.kadence-column274_485913-13 > .kt-inside-inner-col{flex-direction:column;justify-content:center;}}@media all and (max-width: 767px){.kadence-column274_485913-13 > .kt-inside-inner-col{flex-direction:column;justify-content:center;}}<\/style>\n<div class=\"wp-block-kadence-column kadence-column274_485913-13\"><div class=\"kt-inside-inner-col\"><\/div><\/div>\n\n<\/div><\/div><\/div><\/div>\n\n<\/div><\/div><\/div><\/div>\n\n<\/div><\/div>","protected":false},"excerpt":{"rendered":"<p>FIGURATIVA Y su coraz\u00f3n se les queda fr\u00edo y sus alas dejan caer Leyendas De zorros, erizos y otras personalidades Reinas Autorretratos ABSTRACTA Imperio de las memorias Opera Gallery Intuiciones del infinito Lo femenino m\u00e1s all\u00e1 del cuerpo LIBROS DE ARTISTA 9 28 2 ILUSTRACI\u00d3N EDITORIAL<\/p>","protected":false},"author":1,"featured_media":0,"parent":23,"menu_order":0,"comment_status":"closed","ping_status":"closed","template":"","meta":{"_editorskit_title_hidden":false,"_editorskit_reading_time":0,"_editorskit_is_block_options_detached":false,"_editorskit_block_options_position":"{}","footnotes":""},"class_list":["post-274","page","type-page","status-publish","hentry"],"_links":{"self":[{"href":"https:\/\/jeannesaadepalombo.com.mx\/eng\/wp-json\/wp\/v2\/pages\/274","targetHints":{"allow":["GET"]}}],"collection":[{"href":"https:\/\/jeannesaadepalombo.com.mx\/eng\/wp-json\/wp\/v2\/pages"}],"about":[{"href":"https:\/\/jeannesaadepalombo.com.mx\/eng\/wp-json\/wp\/v2\/types\/page"}],"author":[{"embeddable":true,"href":"https:\/\/jeannesaadepalombo.com.mx\/eng\/wp-json\/wp\/v2\/users\/1"}],"replies":[{"embeddable":true,"href":"https:\/\/jeannesaadepalombo.com.mx\/eng\/wp-json\/wp\/v2\/comments?post=274"}],"version-history":[{"count":24,"href":"https:\/\/jeannesaadepalombo.com.mx\/eng\/wp-json\/wp\/v2\/pages\/274\/revisions"}],"predecessor-version":[{"id":1736,"href":"https:\/\/jeannesaadepalombo.com.mx\/eng\/wp-json\/wp\/v2\/pages\/274\/revisions\/1736"}],"up":[{"embeddable":true,"href":"https:\/\/jeannesaadepalombo.com.mx\/eng\/wp-json\/wp\/v2\/pages\/23"}],"wp:attachment":[{"href":"https:\/\/jeannesaadepalombo.com.mx\/eng\/wp-json\/wp\/v2\/media?parent=274"}],"curies":[{"name":"wp","href":"https:\/\/api.w.org\/{rel}","templated":true}]}}